{"id":12,"date":"2012-12-21T19:31:57","date_gmt":"2012-12-21T18:31:57","guid":{"rendered":"http:\/\/xitrac.deveerenmeer.nl\/?page_id=12"},"modified":"2020-01-08T09:05:09","modified_gmt":"2020-01-08T08:05:09","slug":"ontstaan-xivac","status":"publish","type":"page","link":"https:\/\/www.xivac.com\/de\/ontstaan-xivac\/","title":{"rendered":"Ontstaan XIVAC"},"content":{"rendered":"<p><BR> Neben XIVAC Konzept, das wir ein zuverl\u00e4ssiger Lieferant von Schl\u00e4uchen und Kupplung. Wir stellen diese Schl\u00e4uche und Kupplungen \u00fcber die Internetseite <a title=\"xitrac Schl\u00e4uche und koppelingen\" href=\"http:\/\/www.xitrac.nl\"> www.xitrac.nl <\/ a>. Oft kamen wir zur Versorgung Schl\u00e4uche an Jobs, in denen die bestehenden Saug-und Sp\u00fclwagen hatte gro\u00dfe Nachteile und viele zus\u00e4tzliche unn\u00f6tige Kosten zur Folge. Wir fanden, dass diese Ver\u00e4nderung gekommen war, in der Folge ist die XIVAC! Unser Konzept r\u00e4umt mit den Nachteilen der gro\u00dfen industriellen Maschinen f\u00fcr pneumatische bewegten Produkten. Unser Konzept ist einzigartig und gibt es keine vergleichbare L\u00f6sung auf dem Markt. Welche Vorteile bieten wir \u00fcber bestehende Saugwagen k\u00f6nnen auf den <strong> <a title=\"Unieke eigenschappen\" href=\"https:\/\/www.xivac.com\/onze-concepten\/voordelen\/\"> einzigartigen Eigenschaften gefunden werden <\/ a> <\/ strong>! <\/p>\n<p>Was k\u00f6nnen wir: <\/p>\n<p>-Viele verschiedene Produkte saugen<br \/>\nDirekt-Absacken in Big Bags<br \/>\n-Blowing in Silos, Silo-LKW, Container usw.<br \/>\nBeide Lebensmittel-und Non-Food <\/p>\n<p><em> <strong> Beispiele <\/ strong> <\/ em> <strong> <\/ strong> <\/p>\n<ul>\n\u00dcberladen <\/p>\n<li> aus Beh\u00e4ltern oder Silo-LKW saugen <\/ li>\n<li> Produkt aus Silos, um eine Kontamination (m\u00f6glicherweise entlang der Oberseite) <\/ li>\n<li> Flugasche aus Kraftwerken <\/ li>\n<li> Grit mit Farbresten beim Strahlen <\/ li>\n<li> R\u00fcckst\u00e4nde in Betoninstandsetzung <\/ li>\n<li> Aspiration von Kontamination in Stein, Beton oder Gips <\/ li>\n<li> Umladungen von Granulaten, Pulvern, Granulaten, usw. <\/ li>\n<li> Sand aus Kriechkeller <\/ li>\n<li> Muscheln, Perlen oder Bimsstein, um R\u00e4ume <\/ li> kriechen\n<li> Substrat in Dachg\u00e4rten <\/ li>\n<li> kontaminierte Sand vom Spielplatz <\/ li>\n<li> Dachkies auf Flachd\u00e4chern <\/ li>\n<li> kontaminierten Sand \/ Kies-Filter von Schwimmb\u00e4dern <\/ li>\n<li> Aspiration von oberirdischen Rohrleitungen oder Baumwurzeln <\/ li>\n<li> Aspiration von verstreuten Ladung in Notf\u00e4llen <\/ li>\n<li> Entladen von kleinen Schiffen <\/ li>\n<li> Verziert Kunststoffgranulat <\/ li><br \/>\n<\/ Ul><\/p>","protected":false},"excerpt":{"rendered":"<p>Neben XIVAC Konzept, das wir ein zuverl\u00e4ssiger Lieferant von Schl\u00e4uchen und Kupplung. Wir stellen diese Schl\u00e4uche und Kupplungen \u00fcber die Internetseite www.xitrac.nl . Oft kamen wir zur Versorgung Schl\u00e4uche an &#8230;<\/p>\n","protected":false},"author":2,"featured_media":0,"parent":0,"menu_order":0,"comment_status":"closed","ping_status":"open","template":"","meta":{"footnotes":""},"class_list":["post-12","page","type-page","status-publish","hentry"],"_links":{"self":[{"href":"https:\/\/www.xivac.com\/de\/wp-json\/wp\/v2\/pages\/12","targetHints":{"allow":["GET"]}}],"collection":[{"href":"https:\/\/www.xivac.com\/de\/wp-json\/wp\/v2\/pages"}],"about":[{"href":"https:\/\/www.xivac.com\/de\/wp-json\/wp\/v2\/types\/page"}],"author":[{"embeddable":true,"href":"https:\/\/www.xivac.com\/de\/wp-json\/wp\/v2\/users\/2"}],"replies":[{"embeddable":true,"href":"https:\/\/www.xivac.com\/de\/wp-json\/wp\/v2\/comments?post=12"}],"version-history":[{"count":30,"href":"https:\/\/www.xivac.com\/de\/wp-json\/wp\/v2\/pages\/12\/revisions"}],"predecessor-version":[{"id":1660,"href":"https:\/\/www.xivac.com\/de\/wp-json\/wp\/v2\/pages\/12\/revisions\/1660"}],"wp:attachment":[{"href":"https:\/\/www.xivac.com\/de\/wp-json\/wp\/v2\/media?parent=12"}],"curies":[{"name":"wp","href":"https:\/\/api.w.org\/{rel}","templated":true}]}}