{"id":16,"date":"2012-12-21T19:33:10","date_gmt":"2012-12-21T18:33:10","guid":{"rendered":"http:\/\/xitrac.deveerenmeer.nl\/?page_id=16"},"modified":"2019-12-30T10:20:28","modified_gmt":"2019-12-30T09:20:28","slug":"isovac-concept","status":"publish","type":"page","link":"https:\/\/www.xivac.com\/de\/onze-concepten\/isovac-concept\/","title":{"rendered":"ISOVAC concept"},"content":{"rendered":"<p>Die ISOVAC ist ein unabh\u00e4ngiges Vakuum-Box, die wir dem XIVAC verbinden k\u00f6nnen. Der Vorteil ist, dass wir zu saugen. Produkte direkt in einer gro\u00dfen Tasche Die ISOVAC ist derzeit weit verbreitet in Abisolieren von Hohlw\u00e4nde eingesetzt. Die Glaswolle Perlen, Wolle, wird HR-Schaum so direkt in einem geschlossenen Raum in big bags gezogen. Als Ergebnis gibt es wenig St\u00f6rung der Umwelt und um den Abfall zu entfernen. Schnell und umweltschonend Zus\u00e4tzlich zu seiner Rolle bei der Beseitigung Isolierung gibt es viele M\u00f6glichkeiten, wo ISOVAC bietet Vorteile. Denken Sie an feuchte Produkte wie Stuck Abf\u00e4lle, die beseitigt werden m\u00fcssen. So gibt (Verschmutzung) Fl\u00fcssigkeiten direkt in IBC gesaugt als zur Verarbeitung angeboten werden k\u00f6nnen.<\/p>\n<p><a href=\"https:\/\/www.xivac.com\/wp-content\/uploads\/2012\/12\/DSC003651.jpg\"> <img class = \"align keine wp-image-509\" title = \"ISOVAC Vakuum-Einheit\" src = \"https:\/\/www.xivac.com\/wp-content\/uploads\/2012\/12\/DSC003651.jpg\" alt = \"\" width = \"560\" height = \"420\" \/> <\/ a><\/p>","protected":false},"excerpt":{"rendered":"<p>Die ISOVAC ist ein unabh\u00e4ngiges Vakuum-Box, die wir dem XIVAC verbinden k\u00f6nnen. Der Vorteil ist, dass wir zu saugen. Produkte direkt in einer gro\u00dfen Tasche Die ISOVAC ist derzeit weit &#8230;<\/p>\n","protected":false},"author":2,"featured_media":0,"parent":14,"menu_order":0,"comment_status":"closed","ping_status":"open","template":"","meta":{"footnotes":""},"class_list":["post-16","page","type-page","status-publish","hentry"],"_links":{"self":[{"href":"https:\/\/www.xivac.com\/de\/wp-json\/wp\/v2\/pages\/16","targetHints":{"allow":["GET"]}}],"collection":[{"href":"https:\/\/www.xivac.com\/de\/wp-json\/wp\/v2\/pages"}],"about":[{"href":"https:\/\/www.xivac.com\/de\/wp-json\/wp\/v2\/types\/page"}],"author":[{"embeddable":true,"href":"https:\/\/www.xivac.com\/de\/wp-json\/wp\/v2\/users\/2"}],"replies":[{"embeddable":true,"href":"https:\/\/www.xivac.com\/de\/wp-json\/wp\/v2\/comments?post=16"}],"version-history":[{"count":44,"href":"https:\/\/www.xivac.com\/de\/wp-json\/wp\/v2\/pages\/16\/revisions"}],"predecessor-version":[{"id":1621,"href":"https:\/\/www.xivac.com\/de\/wp-json\/wp\/v2\/pages\/16\/revisions\/1621"}],"up":[{"embeddable":true,"href":"https:\/\/www.xivac.com\/de\/wp-json\/wp\/v2\/pages\/14"}],"wp:attachment":[{"href":"https:\/\/www.xivac.com\/de\/wp-json\/wp\/v2\/media?parent=16"}],"curies":[{"name":"wp","href":"https:\/\/api.w.org\/{rel}","templated":true}]}}