{"id":22,"date":"2012-12-21T19:34:19","date_gmt":"2012-12-21T18:34:19","guid":{"rendered":"http:\/\/xitrac.deveerenmeer.nl\/?page_id=22"},"modified":"2020-01-08T09:31:58","modified_gmt":"2020-01-08T08:31:58","slug":"technische-specificaties","status":"publish","type":"page","link":"https:\/\/www.xivac.com\/de\/onze-concepten\/technische-specificaties\/","title":{"rendered":"Technische specificaties"},"content":{"rendered":"<p><span style=\"font-family: \n\n<h2> Tahoma; font-size: arial,helvetica,sans-serif;&#8221;> <strong> Abmessungen <\/ strong> <\/ span> <\/ h2><\/p>\n<div>\n<ul>\n<li> <span style=\"font-size: arial,helvetica,sans-serif;\"> Externe L x B x H = 6,9 x 2,1 x 2,7 m <\/ span> <span style = \"font-size: small; font-family: Tahoma; \"> <\/ span> <\/ li>\n<li> <span style=\"font-size: small; FONT-FAMILY: Tahoma;\"> Net Fassungsverm\u00f6gen ca. 1 m3 <\/ span> <\/ li><br \/>\n<\/ Ul><br \/>\n<\/ Div><br \/>\n<span style=\"font-family: \n\n<h2> Tahoma; font-size: arial,helvetica,sans-serif;&#8221;> <strong> Hopper <\/ strong>: <a href = \"https:\/\/www.xivac.com\/wp-content\/ uploads\/2012\/12\/banner2.jpg \"> <img class =\" size-medium wp-image-519 AlignRight \"title =\" Verziert Containerumschlag Zucker in loser Sch\u00fcttung \"src =\" https:\/\/www.xivac.com\/wp- content\/uploads\/2012\/12\/banner2-300x121.jpg \"alt =\" \"width =\" 300 \"height =\" 121 \"\/> <\/ a> <\/ span> <\/ h2><\/p>\n<div>\n<ul>\n<li> <span style=\"font-family: Tahoma; font-size: arial,helvetica,sans-serif;\"> Edelstahl, mit exzentrischen Steckdose <\/ span> <\/ li>\n<li> <span style=\"font-family: Tahoma; font-size: arial,helvetica,sans-serif;\"> Hydraulische heb Portion l\u00f6sen BigBags, Container <\/ span> <span style = \"font-family: Tahoma; font-size: small \"> oder Trommeln oder Octabins <\/ span> <\/ li>\n<li> <span style=\"font-family: Tahoma; font-size: arial,helvetica,sans-serif;\"> Integrierte Filter Raum <\/ span> <\/ li>\n<li> <span style=\"font-family: Tahoma; font-size: arial,helvetica,sans-serif;\"> \u00dcberf\u00fcllsicherung <\/ span> <\/ li><br \/>\n<\/ Ul><br \/>\n<\/ Div><br \/>\n<span style=\"font-family: \n\n<h2> Tahoma; font-size: arial,helvetica,sans-serif;&#8221;> <strong> Hopper-change <\/ strong> <\/ span> <\/ h2><br \/>\n<span style=\"font-family: \n\n<div> Tahoma; font-size: arial,helvetica,sans-serif;&#8221;> Beh\u00e4lter mit Filter ist einfach aus dem Fahrzeug entfernen <\/ span> <span style = \"font-family: Tahoma; font- size: small; \"> a buck zu&#8221; parken &#8220;<\/ span> <span style=\"font-family: Tahoma; font-size: arial,helvetica,sans-serif;\"> und damit Austausch <\/ span> <\/ div><br \/>\n<span style=\"font-family: \n\n<div> Tahoma; font-size: arial,helvetica,sans-serif;&#8221;> ein Trichter f\u00fcr eine <\/ span> <span style=\"font-family: Tahoma; font-size: arial,helvetica,sans-serif;\"> spezifischen Produkt oder Kunden. <\/ span> <\/ div><br \/>\n<span style=\"font-family: \n\n<h2> Tahoma; font-size: arial,helvetica,sans-serif;&#8221;> <strong> Filtration <\/ strong> <\/ span> <\/ h2><\/p>\n<div>\n<ul>\n<li> <span style=\"font-family: Tahoma; font-size: arial,helvetica,sans-serif;\"> Integriert in den Trichter <\/ span> <span style=\"font-family: Tahoma; font-size: arial,helvetica,sans-serif;\"> mit pneumatisch, kontinuierlich arbeitende Filter-Reinigungssystem <\/ span> <\/ li>\n<li> <span style=\"font-family: Tahoma; font-size: arial,helvetica,sans-serif;\"> Edelstahl Sicherheit Filter <\/ span> <\/ li>\n<li> <span style=\"font-family: Tahoma; font-size: arial,helvetica,sans-serif;\"> Separate HEPA-Filter, die Asbest Risiko <\/ span> <span style = \"font-family: Tahoma; font-size: small;\" > <\/ span> <\/ li><br \/>\n<\/ Ul><br \/>\n<\/ Div><br \/>\n<span style=\"font-family: \n\n<h2> Tahoma; font-size: arial,helvetica,sans-serif;&#8221;> <strong> Schl\u00e4uche <\/ strong> <\/ span> <\/ h2><\/p>\n<div>\n<ul>\n<li> <span style=\"font-size: arial,helvetica,sans-serif;\"> <span style=\"font-size: medium;\"> Z <\/ span> <\/ span> <span style = \"font-size: small;\" > uigslangen bis 6 &#8220;(DN150) <\/ span> <\/ li>\n<li> <span style=\"font-size: small; FONT-FAMILY: Tahoma;\"> Blow-Schl\u00e4uche bis zu 6 &#8220;(DN150) <\/ span> <\/ li>\n<li> <span style=\"font-size: small; FONT-FAMILY: Tahoma;\"> Swivel Schlauchverbindung zum Trichter <\/ span> <\/ li>\n<li> <span style=\"font-size: small; FONT-FAMILY: Tahoma;\"> Schlauchl\u00e4ngen bis zu 150 Meter m\u00f6glich <\/ span> <\/ li><br \/>\n<\/ Ul><br \/>\n<\/ Div><\/p>\n<h2> <span style=\"font-family:'Comic Sans MS';\"> <span style=\"font-family: Tahoma; font-size: arial,helvetica,sans-serif;\"> <strong> materiellen Raum <\/ strong> <\/ span> <\/ span> <\/ h2><br \/>\n<span style=\"font-family:'Comic Sans MS';\"> <span style=\"font-family: Tahoma; font-size: arial,helvetica,sans-serif;\"> Gro\u00dfe Ablage hinter dem Gebl\u00e4se Schrank <\/ span> <\/ span> < span style = \"font-family: Tahoma; font-size: small;\"> Servieren Durchf\u00fchrung Schl\u00e4uche und Armaturen <\/ span> <span style=\"font-family: Tahoma; font-size: arial,helvetica,sans-serif;\"> und leeren Paletten, Hubwagen und BigBags. <\/ span><\/p>","protected":false},"excerpt":{"rendered":"<p>Hopper : Edelstahl, mit exzentrischen Steckdose Hydraulische heb Portion l\u00f6sen BigBags, Container oder Trommeln oder Octabins Integrierte Filter Raum \u00dcberf\u00fcllsicherung Beh\u00e4lter mit Filter ist einfach aus dem Fahrzeug entfernen a &#8230;<\/p>\n","protected":false},"author":2,"featured_media":0,"parent":14,"menu_order":0,"comment_status":"closed","ping_status":"open","template":"","meta":{"footnotes":""},"class_list":["post-22","page","type-page","status-publish","hentry"],"_links":{"self":[{"href":"https:\/\/www.xivac.com\/de\/wp-json\/wp\/v2\/pages\/22","targetHints":{"allow":["GET"]}}],"collection":[{"href":"https:\/\/www.xivac.com\/de\/wp-json\/wp\/v2\/pages"}],"about":[{"href":"https:\/\/www.xivac.com\/de\/wp-json\/wp\/v2\/types\/page"}],"author":[{"embeddable":true,"href":"https:\/\/www.xivac.com\/de\/wp-json\/wp\/v2\/users\/2"}],"replies":[{"embeddable":true,"href":"https:\/\/www.xivac.com\/de\/wp-json\/wp\/v2\/comments?post=22"}],"version-history":[{"count":44,"href":"https:\/\/www.xivac.com\/de\/wp-json\/wp\/v2\/pages\/22\/revisions"}],"predecessor-version":[{"id":1664,"href":"https:\/\/www.xivac.com\/de\/wp-json\/wp\/v2\/pages\/22\/revisions\/1664"}],"up":[{"embeddable":true,"href":"https:\/\/www.xivac.com\/de\/wp-json\/wp\/v2\/pages\/14"}],"wp:attachment":[{"href":"https:\/\/www.xivac.com\/de\/wp-json\/wp\/v2\/media?parent=22"}],"curies":[{"name":"wp","href":"https:\/\/api.w.org\/{rel}","templated":true}]}}