{"id":34,"date":"2012-12-21T19:36:29","date_gmt":"2012-12-21T18:36:29","guid":{"rendered":"http:\/\/xitrac.deveerenmeer.nl\/?page_id=34"},"modified":"2020-01-08T09:10:58","modified_gmt":"2020-01-08T08:10:58","slug":"industriele-reiniging","status":"publish","type":"page","link":"https:\/\/www.xivac.com\/de\/industriele-reiniging\/","title":{"rendered":"Industri\u00eble reiniging"},"content":{"rendered":"<p><\/p>\n<h2> <strong><br \/>\n<a href=\"http:\/\/iwicky.nl\/xivac\/wp-content\/uploads\/2012\/11\/IMG_1451.jpg\"> <img class = \"wp-image-595 AlignRight\" title = \"Xivac Saugwagen\" src = \"http:\/\/iwicky.nl\/xivac\/wp-content\/uploads\/2012\/11\/IMG_1451-300x224.jpg\" alt = Breite \"Hier k\u00f6nnen Sie das neue Logo des XIVAC sehen\" = \"210\" height = \"157\" \/> <\/ a> <\/ strong> <\/ h2><br \/>\nDer urspr\u00fcngliche Zweck des XIVAC war als nicht unterlegen bestehenden gro\u00dfen Saug-und Sp\u00fclwagen, aber zu einem Bruchteil des Preises! Industriesauger Diese war erfolgreich und die Menschen kennen unser Unternehmen, um ihre industrielle Reinigungsaufgaben seit Jahren zu finden. <\/p>\n<p>Die Welt der industriellen Reinigung ist eine sehr umfassende und spezielle Welt, wo nur wenige Menschen kennen. Wir haben mit unseren Industrie-Staubsauger in der Welt aktiv und Sie k\u00f6nnen auf dem Gebiet der industriellen Vakuum-und Schlag-Technologie helfen. Die XIVAC Saugwagen sind ideal f\u00fcr alle industriellen Reinigung \/ \u00fcber die Aufhebung. Wie Sie title = &#8220;industri\u00eble Reiniging&#8221; href = &#8220;http:\/\/iwicky.nl\/xivac\/opdrachten\/&#8221;> Fotoalben <\/ a> finden Sie in unserem <sehen wir sehr viele verschiedene Arten von Jobs mit dem XIVAC getan. \n\nZunehmend sollte (kontaminiert) Produkt f\u00e4llt oder ordentlich geblasen, bevor es sein kann. Transportiert in einem Container Unser Auto ist in den meisten F\u00e4llen nicht durch die bestehende gro\u00dfe <a abgedeckt href=\"http:\/\/iwicky.nl\/xivac\/wp-content\/uploads\/2012\/11\/HPIM20711.jpg\"> <img class = \"size- Medium wp-image-591 AlignRight \"title =\" Industriereinigung \"src =\" http:\/\/iwicky.nl\/xivac\/wp-content\/uploads\/2012\/11\/HPIM20711-225x300.jpg \"alt =\" \"width =\" 225 \"height =\" 300 \"\/> <\/ a> Vakuum Transporter \/ nassen Substanzen Auto (Vacupress Beispiel), aber zu einem Bruchteil des Preises. Dies gilt insbesondere f\u00fcr die \u00fcbertrieben und Absacken von vielen verschiedenen Produkten. <\/p>\n<p>Mit dem XIVAC Saugwagen, haben Sie die M\u00f6glichkeit, trockenen Substanzen Blasen lutschen und zu l\u00f6sen. Transportieren oder Lagern mogelijheid entsprechenden <\/p>\n<p>Unsere XIVAC sind mit einem 1 m3 Trichter ausgestattet, um direkt in Big Bags oder Abstieg entladen Container hoch. Saugte das Produkt Die XIVAC zum Entfernen oder Verschieben zB Sand, Pulver, Schuss, Flugasche, Granulat, Staub, Holzsp\u00e4ne etc. verwendet <\/p>\n<p>Die XIVAC Einheiten sind auch in der Lebensmittelindustrie verwendet werden, liefern wir desinfiziert Tank und Reintank Aussage. Dies macht es m\u00f6glich f\u00fcr unsere Kunden, um ein Produkt oder Ort wiederverwenden. <\/p>\n<p><a href=\"http:\/\/iwicky.nl\/xivac\/wp-content\/uploads\/2012\/11\/270920113801.jpg\"> <img class = \"size-medium wp-image-592 AlignRight\" title = \"industrielle Reinigung des industriellen Bauens \"src =\" http:\/\/iwicky.nl\/xivac\/wp-content\/uploads\/2012\/11\/270920113801-300x225.jpg \"alt =\" industrielle Reinigung Industriegeb\u00e4ude \"width =\" 300 \"height =\" 225 \" \/> <\/ a> <\/p>\n<p><a href=\"http:\/\/iwicky.nl\/xivac\/wp-content\/uploads\/2012\/11\/SIR1.gif\"> <img class = \"align keine Gr\u00f6\u00dfe-full wp-image-590\" title = \"SIR-Stiftung industrielle Reinigung \"src =\" http:\/\/iwicky.nl\/xivac\/wp-content\/uploads\/2012\/11\/SIR1.gif \"alt =\" \"width =\" 241 \"height =\" 137 \"\/> <\/ a><\/p>","protected":false},"excerpt":{"rendered":"<p>Der urspr\u00fcngliche Zweck des XIVAC war als nicht unterlegen bestehenden gro\u00dfen Saug-und Sp\u00fclwagen, aber zu einem Bruchteil des Preises! Industriesauger Diese war erfolgreich und die Menschen kennen unser Unternehmen, um &#8230;<\/p>\n","protected":false},"author":2,"featured_media":0,"parent":0,"menu_order":0,"comment_status":"closed","ping_status":"open","template":"","meta":{"footnotes":""},"class_list":["post-34","page","type-page","status-publish","hentry"],"_links":{"self":[{"href":"https:\/\/www.xivac.com\/de\/wp-json\/wp\/v2\/pages\/34","targetHints":{"allow":["GET"]}}],"collection":[{"href":"https:\/\/www.xivac.com\/de\/wp-json\/wp\/v2\/pages"}],"about":[{"href":"https:\/\/www.xivac.com\/de\/wp-json\/wp\/v2\/types\/page"}],"author":[{"embeddable":true,"href":"https:\/\/www.xivac.com\/de\/wp-json\/wp\/v2\/users\/2"}],"replies":[{"embeddable":true,"href":"https:\/\/www.xivac.com\/de\/wp-json\/wp\/v2\/comments?post=34"}],"version-history":[{"count":19,"href":"https:\/\/www.xivac.com\/de\/wp-json\/wp\/v2\/pages\/34\/revisions"}],"predecessor-version":[{"id":1661,"href":"https:\/\/www.xivac.com\/de\/wp-json\/wp\/v2\/pages\/34\/revisions\/1661"}],"wp:attachment":[{"href":"https:\/\/www.xivac.com\/de\/wp-json\/wp\/v2\/media?parent=34"}],"curies":[{"name":"wp","href":"https:\/\/api.w.org\/{rel}","templated":true}]}}